{"id":1691,"date":"2021-07-14T10:53:26","date_gmt":"2021-07-14T07:53:26","guid":{"rendered":"https:\/\/www.polinetlux.com\/?page_id=1691"},"modified":"2021-09-22T14:02:37","modified_gmt":"2021-09-22T11:02:37","slug":"contacts","status":"publish","type":"page","link":"https:\/\/www.polinetlux.com\/en\/contacts\/","title":{"rendered":"Contacts"},"content":{"rendered":"<p>[vc_row css_animation=&#8221;&#8221; row_type=&#8221;row&#8221; use_row_as_full_screen_section=&#8221;no&#8221; type=&#8221;full_width&#8221; angled_section=&#8221;no&#8221; text_align=&#8221;left&#8221; background_image_as_pattern=&#8221;without_pattern&#8221;][vc_column width=&#8221;1\/2&#8243;][vc_column_text]<\/p>\n<h2>ISTANBUL SALES OFFICE<\/h2>\n<p>POL\u0130NET \u0130N\u015eAAT VE TEKST\u0130L DI\u015e T\u0130C. SAN. LTD. \u015eT\u0130.<\/p>\n<p><i class=\"fa fa-map-marker\" aria-hidden=\"true\"><\/i>Cevizli Mahallesi, Zuhal Caddesi, Ritim \u0130stanbul A5 Blok Kat:5\/22 Maltepe, \u0130stanbul<\/p>\n<p><i class=\"fa fa-envelope-o\" aria-hidden=\"true\"><\/i>\u00a0<a href=\"mailto:export@polinetlux.com\">export@polinetlux.com<\/a><\/p>\n<p><i class=\"fa fa-phone-square\" aria-hidden=\"true\"><\/i>\u00a0<a href=\"tel:+908508850776\">+90 (850) 885 0776<\/a><\/p>\n<p><i class=\"fa fa-fax\" aria-hidden=\"true\"><\/i>+90 (262) 728 15 34[\/vc_column_text][\/vc_column][vc_column width=&#8221;1\/2&#8243;][vc_gmaps link=&#8221;#E-8_JTNDaWZyYW1lJTIwc3JjJTNEJTIyaHR0cHMlM0ElMkYlMkZ3d3cuZ29vZ2xlLmNvbSUyRm1hcHMlMkZlbWJlZCUzRnBiJTNEJTIxMW0xNCUyMTFtOCUyMTFtMyUyMTFkMTIwNDMuMjQzNTc0ODgxMzY4JTIxMmQyOS4xNDE0MDI2JTIxM2Q0MS4wMDc1MTIxJTIxM20yJTIxMWkxMDI0JTIxMmk3NjglMjE0ZjEzLjElMjEzbTMlMjExbTIlMjExczB4MCUyNTNBMHgyZjJhOTZlODA0NTExYTZlJTIxMnNQb2xpa2FyYm9uJTI1MjBMZXZoYSUyNTIwLSUyNTIwUG9saW5ldCUyNTIwTHRkLiUyMTVlMCUyMTNtMiUyMTFzdHIlMjEyc3RyJTIxNHYxNTcxODg0NDQwNjc5JTIxNW0yJTIxMXN0ciUyMTJzdHIlMjIlMjB3aWR0aCUzRCUyMjEwMCUyNSUyMiUyMGhlaWdodCUzRCUyMjM1MCUyMiUyMGZyYW1lYm9yZGVyJTNEJTIyMCUyMiUyMHN0eWxlJTNEJTIyYm9yZGVyJTNBMCUzQiUyMiUyMGFsbG93ZnVsbHNjcmVlbiUzRCUyMiUyMiUzRSUzQyUyRmlmcmFtZSUzRQ==&#8221;][\/vc_column][\/vc_row][vc_row css_animation=&#8221;&#8221; row_type=&#8221;row&#8221; use_row_as_full_screen_section=&#8221;no&#8221; type=&#8221;full_width&#8221; angled_section=&#8221;no&#8221; text_align=&#8221;left&#8221; background_image_as_pattern=&#8221;without_pattern&#8221;][vc_column width=&#8221;1\/2&#8243;][vc_column_text]<\/p>\n<h2>FACTORY<\/h2>\n<p>POL\u0130NET \u0130N\u015eAAT VE TEKST\u0130L DI\u015e T\u0130C. SAN. LTD. \u015eT\u0130.<\/p>\n<p><i class=\"fa fa-map-marker\" aria-hidden=\"true\"><\/i>\u00a0S.S \u0130stanbul Mermerciler Yap\u0131 Kooperatifi Sanayi Sitesi 5.Cadde No:20 K\u00f6seler K\u00f6y\u00fc Dilovas\u0131 \u2013 \u0130zmit \/ Kocaeli<\/p>\n<p><i class=\"fa fa-envelope-o\" aria-hidden=\"true\"><\/i>\u00a0<a href=\"mailto:export@polinetlux.com\">export@polinetlux.com<\/a><\/p>\n<p><i class=\"fa fa-phone-square\" aria-hidden=\"true\"><\/i>\u00a0+9<a href=\"tel:02627281534\">0 (262) 728 15 13 (pbx)<\/a><\/p>\n<p><i class=\"fa fa-fax\" aria-hidden=\"true\"><\/i>\u00a0+90 (262) 728 15 34[\/vc_column_text][\/vc_column][vc_column width=&#8221;1\/2&#8243;][vc_gmaps link=&#8221;#E-8_JTNDaWZyYW1lJTIwc3R5bGUlM0QlMjJib3JkZXIlM0ElMjAwJTNCJTIyJTIwc3JjJTNEJTIyaHR0cHMlM0ElMkYlMkZ3d3cuZ29vZ2xlLmNvbSUyRm1hcHMlMkZlbWJlZCUzRnBiJTNEJTIxMW0xNCUyMTFtOCUyMTFtMyUyMTFkMTIwNzAuMDA5MTUwNzk4NDM4JTIxMmQyOS41NjczMjclMjEzZDQwLjg2MDg1JTIxM20yJTIxMWkxMDI0JTIxMmk3NjglMjE0ZjEzLjElMjEzbTMlMjExbTIlMjExczB4MCUyNTNBMHhhMjgwNmRkMTYyOGFhMjIlMjEyc1BvbGluZXQlMkJQb2xpa2FyYm9uYXQlMkJMZXZoYSUyQlNpc3RlbWxlcmklMjE1ZTAlMjEzbTIlMjExc3RyJTIxMnN0ciUyMTR2MTUxMzc1MjM1MjM2NSUyMiUyMHdpZHRoJTNEJTIyMTAwJTI1JTIyJTIwaGVpZ2h0JTNEJTIyMzUwJTIyJTIwZnJhbWVib3JkZXIlM0QlMjIwJTIyJTIwYWxsb3dmdWxsc2NyZWVuJTNEJTIyYWxsb3dmdWxsc2NyZWVuJTIyJTNFJTNDJTJGaWZyYW1lJTNF&#8221;][\/vc_column][\/vc_row]<\/p>\n","protected":false},"excerpt":{"rendered":"<p>[vc_row css_animation=&#8221;&#8221; row_type=&#8221;row&#8221; use_row_as_full_screen_section=&#8221;no&#8221; type=&#8221;full_width&#8221; angled_section=&#8221;no&#8221; text_align=&#8221;left&#8221; background_image_as_pattern=&#8221;without_pattern&#8221;][vc_column width=&#8221;1\/2&#8243;][vc_column_text] ISTANBUL SALES OFFICE POL\u0130NET \u0130N\u015eAAT VE TEKST\u0130L DI\u015e T\u0130C. SAN. LTD. \u015eT\u0130. Cevizli Mahallesi, Zuhal Caddesi, Ritim \u0130stanbul A5 Blok Kat:5\/22 Maltepe, \u0130stanbul \u00a0export@polinetlux.com \u00a0+90 (850) 885 0776 +90 (262) 728 15 34[\/vc_column_text][\/vc_column][vc_column width=&#8221;1\/2&#8243;][vc_gmaps link=&#8221;#E-8_JTNDaWZyYW1lJTIwc3JjJTNEJTIyaHR0cHMlM0ElMkYlMkZ3d3cuZ29vZ2xlLmNvbSUyRm1hcHMlMkZlbWJlZCUzRnBiJTNEJTIxMW0xNCUyMTFtOCUyMTFtMyUyMTFkMTIwNDMuMjQzNTc0ODgxMzY4JTIxMmQyOS4xNDE0MDI2JTIxM2Q0MS4wMDc1MTIxJTIxM20yJTIxMWkxMDI0JTIxMmk3NjglMjE0ZjEzLjElMjEzbTMlMjExbTIlMjExczB4MCUyNTNBMHgyZjJhOTZlODA0NTExYTZlJTIxMnNQb2xpa2FyYm9uJTI1MjBMZXZoYSUyNTIwLSUyNTIwUG9saW5ldCUyNTIwTHRkLiUyMTVlMCUyMTNtMiUyMTFzdHIlMjEyc3RyJTIxNHYxNTcxODg0NDQwNjc5JTIxNW0yJTIxMXN0ciUyMTJzdHIlMjIlMjB3aWR0aCUzRCUyMjEwMCUyNSUyMiUyMGhlaWdodCUzRCUyMjM1MCUyMiUyMGZyYW1lYm9yZGVyJTNEJTIyMCUyMiUyMHN0eWxlJTNEJTIyYm9yZGVyJTNBMCUzQiUyMiUyMGFsbG93ZnVsbHNjcmVlbiUzRCUyMiUyMiUzRSUzQyUyRmlmcmFtZSUzRQ==&#8221;][\/vc_column][\/vc_row][vc_row css_animation=&#8221;&#8221;&#8230;<\/p>\n","protected":false},"author":2,"featured_media":0,"parent":0,"menu_order":0,"comment_status":"closed","ping_status":"closed","template":"","meta":{"footnotes":""},"class_list":["post-1691","page","type-page","status-publish","hentry"],"yoast_head":"<!-- This site is optimized with the Yoast SEO Premium plugin v18.4 (Yoast SEO v26.1.1) - https:\/\/yoast.com\/wordpress\/plugins\/seo\/ -->\n<title>Contacts - Polinet<\/title>\n<meta name=\"robots\" content=\"index, follow, max-snippet:-1, max-image-preview:large, max-video-preview:-1\" \/>\n<link rel=\"canonical\" href=\"https:\/\/www.polinetlux.com\/en\/contacts\/\" \/>\n<meta property=\"og:locale\" content=\"en_US\" \/>\n<meta property=\"og:type\" content=\"article\" \/>\n<meta property=\"og:title\" content=\"Contacts\" \/>\n<meta property=\"og:description\" content=\"[vc_row css_animation=&#8221;&#8221; row_type=&#8221;row&#8221; use_row_as_full_screen_section=&#8221;no&#8221; type=&#8221;full_width&#8221; angled_section=&#8221;no&#8221; text_align=&#8221;left&#8221; background_image_as_pattern=&#8221;without_pattern&#8221;][vc_column width=&#8221;1\/2&#8243;][vc_column_text] ISTANBUL SALES OFFICE POL\u0130NET \u0130N\u015eAAT VE TEKST\u0130L DI\u015e T\u0130C. SAN. LTD. \u015eT\u0130. Cevizli Mahallesi, Zuhal Caddesi, Ritim \u0130stanbul A5 Blok Kat:5\/22 Maltepe, \u0130stanbul \u00a0export@polinetlux.com \u00a0+90 (850) 885 0776 +90 (262) 728 15 34[\/vc_column_text][\/vc_column][vc_column width=&#8221;1\/2&#8243;][vc_gmaps link=&#8221;#E-8_JTNDaWZyYW1lJTIwc3JjJTNEJTIyaHR0cHMlM0ElMkYlMkZ3d3cuZ29vZ2xlLmNvbSUyRm1hcHMlMkZlbWJlZCUzRnBiJTNEJTIxMW0xNCUyMTFtOCUyMTFtMyUyMTFkMTIwNDMuMjQzNTc0ODgxMzY4JTIxMmQyOS4xNDE0MDI2JTIxM2Q0MS4wMDc1MTIxJTIxM20yJTIxMWkxMDI0JTIxMmk3NjglMjE0ZjEzLjElMjEzbTMlMjExbTIlMjExczB4MCUyNTNBMHgyZjJhOTZlODA0NTExYTZlJTIxMnNQb2xpa2FyYm9uJTI1MjBMZXZoYSUyNTIwLSUyNTIwUG9saW5ldCUyNTIwTHRkLiUyMTVlMCUyMTNtMiUyMTFzdHIlMjEyc3RyJTIxNHYxNTcxODg0NDQwNjc5JTIxNW0yJTIxMXN0ciUyMTJzdHIlMjIlMjB3aWR0aCUzRCUyMjEwMCUyNSUyMiUyMGhlaWdodCUzRCUyMjM1MCUyMiUyMGZyYW1lYm9yZGVyJTNEJTIyMCUyMiUyMHN0eWxlJTNEJTIyYm9yZGVyJTNBMCUzQiUyMiUyMGFsbG93ZnVsbHNjcmVlbiUzRCUyMiUyMiUzRSUzQyUyRmlmcmFtZSUzRQ==&#8221;][\/vc_column][\/vc_row][vc_row css_animation=&#8221;&#8221;...\" \/>\n<meta property=\"og:url\" content=\"https:\/\/www.polinetlux.com\/en\/contacts\/\" \/>\n<meta property=\"og:site_name\" content=\"Polinet\" \/>\n<meta property=\"article:publisher\" content=\"https:\/\/www.facebook.com\/polinetltd\" \/>\n<meta property=\"article:modified_time\" content=\"2021-09-22T11:02:37+00:00\" \/>\n<meta name=\"twitter:card\" content=\"summary_large_image\" \/>\n<meta name=\"twitter:label1\" content=\"Est. reading time\" \/>\n\t<meta name=\"twitter:data1\" content=\"1 minute\" \/>\n<script type=\"application\/ld+json\" class=\"yoast-schema-graph\">{\"@context\":\"https:\/\/schema.org\",\"@graph\":[{\"@type\":\"WebPage\",\"@id\":\"https:\/\/www.polinetlux.com\/en\/contacts\/\",\"url\":\"https:\/\/www.polinetlux.com\/en\/contacts\/\",\"name\":\"Contacts - Polinet\",\"isPartOf\":{\"@id\":\"https:\/\/www.polinetlux.com\/#website\"},\"datePublished\":\"2021-07-14T07:53:26+00:00\",\"dateModified\":\"2021-09-22T11:02:37+00:00\",\"breadcrumb\":{\"@id\":\"https:\/\/www.polinetlux.com\/en\/contacts\/#breadcrumb\"},\"inLanguage\":\"en-US\",\"potentialAction\":[{\"@type\":\"ReadAction\",\"target\":[\"https:\/\/www.polinetlux.com\/en\/contacts\/\"]}]},{\"@type\":\"BreadcrumbList\",\"@id\":\"https:\/\/www.polinetlux.com\/en\/contacts\/#breadcrumb\",\"itemListElement\":[{\"@type\":\"ListItem\",\"position\":1,\"name\":\"Anasayfa\",\"item\":\"https:\/\/www.polinetlux.com\/en\/\"},{\"@type\":\"ListItem\",\"position\":2,\"name\":\"Contacts\"}]},{\"@type\":\"WebSite\",\"@id\":\"https:\/\/www.polinetlux.com\/#website\",\"url\":\"https:\/\/www.polinetlux.com\/\",\"name\":\"Polinet - Polikarbonat Levha & Panel ve Cephe Sistemleri \u00dcreticisi\",\"description\":\"Polikarbonat Levha &amp; Panel ve Cephe Sistemleri \u00dcreticisi\",\"publisher\":{\"@id\":\"https:\/\/www.polinetlux.com\/#organization\"},\"potentialAction\":[{\"@type\":\"SearchAction\",\"target\":{\"@type\":\"EntryPoint\",\"urlTemplate\":\"https:\/\/www.polinetlux.com\/?s={search_term_string}\"},\"query-input\":{\"@type\":\"PropertyValueSpecification\",\"valueRequired\":true,\"valueName\":\"search_term_string\"}}],\"inLanguage\":\"en-US\"},{\"@type\":\"Organization\",\"@id\":\"https:\/\/www.polinetlux.com\/#organization\",\"name\":\"Polinet\",\"url\":\"https:\/\/www.polinetlux.com\/\",\"logo\":{\"@type\":\"ImageObject\",\"inLanguage\":\"en-US\",\"@id\":\"https:\/\/www.polinetlux.com\/#\/schema\/logo\/image\/\",\"url\":\"https:\/\/www.polinetlux.com\/wp-content\/uploads\/2021\/02\/logopoli.jpg\",\"contentUrl\":\"https:\/\/www.polinetlux.com\/wp-content\/uploads\/2021\/02\/logopoli.jpg\",\"width\":180,\"height\":52,\"caption\":\"Polinet\"},\"image\":{\"@id\":\"https:\/\/www.polinetlux.com\/#\/schema\/logo\/image\/\"},\"sameAs\":[\"https:\/\/www.facebook.com\/polinetltd\",\"https:\/\/www.instagram.com\/polinetlux\/\"]}]}<\/script>\n<!-- \/ Yoast SEO Premium plugin. -->","yoast_head_json":{"title":"Contacts - Polinet","robots":{"index":"index","follow":"follow","max-snippet":"max-snippet:-1","max-image-preview":"max-image-preview:large","max-video-preview":"max-video-preview:-1"},"canonical":"https:\/\/www.polinetlux.com\/en\/contacts\/","og_locale":"en_US","og_type":"article","og_title":"Contacts","og_description":"[vc_row css_animation=&#8221;&#8221; row_type=&#8221;row&#8221; use_row_as_full_screen_section=&#8221;no&#8221; type=&#8221;full_width&#8221; angled_section=&#8221;no&#8221; text_align=&#8221;left&#8221; background_image_as_pattern=&#8221;without_pattern&#8221;][vc_column width=&#8221;1\/2&#8243;][vc_column_text] ISTANBUL SALES OFFICE POL\u0130NET \u0130N\u015eAAT VE TEKST\u0130L DI\u015e T\u0130C. SAN. LTD. \u015eT\u0130. Cevizli Mahallesi, Zuhal Caddesi, Ritim \u0130stanbul A5 Blok Kat:5\/22 Maltepe, \u0130stanbul \u00a0export@polinetlux.com \u00a0+90 (850) 885 0776 +90 (262) 728 15 34[\/vc_column_text][\/vc_column][vc_column width=&#8221;1\/2&#8243;][vc_gmaps link=&#8221;#E-8_JTNDaWZyYW1lJTIwc3JjJTNEJTIyaHR0cHMlM0ElMkYlMkZ3d3cuZ29vZ2xlLmNvbSUyRm1hcHMlMkZlbWJlZCUzRnBiJTNEJTIxMW0xNCUyMTFtOCUyMTFtMyUyMTFkMTIwNDMuMjQzNTc0ODgxMzY4JTIxMmQyOS4xNDE0MDI2JTIxM2Q0MS4wMDc1MTIxJTIxM20yJTIxMWkxMDI0JTIxMmk3NjglMjE0ZjEzLjElMjEzbTMlMjExbTIlMjExczB4MCUyNTNBMHgyZjJhOTZlODA0NTExYTZlJTIxMnNQb2xpa2FyYm9uJTI1MjBMZXZoYSUyNTIwLSUyNTIwUG9saW5ldCUyNTIwTHRkLiUyMTVlMCUyMTNtMiUyMTFzdHIlMjEyc3RyJTIxNHYxNTcxODg0NDQwNjc5JTIxNW0yJTIxMXN0ciUyMTJzdHIlMjIlMjB3aWR0aCUzRCUyMjEwMCUyNSUyMiUyMGhlaWdodCUzRCUyMjM1MCUyMiUyMGZyYW1lYm9yZGVyJTNEJTIyMCUyMiUyMHN0eWxlJTNEJTIyYm9yZGVyJTNBMCUzQiUyMiUyMGFsbG93ZnVsbHNjcmVlbiUzRCUyMiUyMiUzRSUzQyUyRmlmcmFtZSUzRQ==&#8221;][\/vc_column][\/vc_row][vc_row css_animation=&#8221;&#8221;...","og_url":"https:\/\/www.polinetlux.com\/en\/contacts\/","og_site_name":"Polinet","article_publisher":"https:\/\/www.facebook.com\/polinetltd","article_modified_time":"2021-09-22T11:02:37+00:00","twitter_card":"summary_large_image","twitter_misc":{"Est. reading time":"1 minute"},"schema":{"@context":"https:\/\/schema.org","@graph":[{"@type":"WebPage","@id":"https:\/\/www.polinetlux.com\/en\/contacts\/","url":"https:\/\/www.polinetlux.com\/en\/contacts\/","name":"Contacts - Polinet","isPartOf":{"@id":"https:\/\/www.polinetlux.com\/#website"},"datePublished":"2021-07-14T07:53:26+00:00","dateModified":"2021-09-22T11:02:37+00:00","breadcrumb":{"@id":"https:\/\/www.polinetlux.com\/en\/contacts\/#breadcrumb"},"inLanguage":"en-US","potentialAction":[{"@type":"ReadAction","target":["https:\/\/www.polinetlux.com\/en\/contacts\/"]}]},{"@type":"BreadcrumbList","@id":"https:\/\/www.polinetlux.com\/en\/contacts\/#breadcrumb","itemListElement":[{"@type":"ListItem","position":1,"name":"Anasayfa","item":"https:\/\/www.polinetlux.com\/en\/"},{"@type":"ListItem","position":2,"name":"Contacts"}]},{"@type":"WebSite","@id":"https:\/\/www.polinetlux.com\/#website","url":"https:\/\/www.polinetlux.com\/","name":"Polinet - Polikarbonat Levha & Panel ve Cephe Sistemleri \u00dcreticisi","description":"Polikarbonat Levha &amp; Panel ve Cephe Sistemleri \u00dcreticisi","publisher":{"@id":"https:\/\/www.polinetlux.com\/#organization"},"potentialAction":[{"@type":"SearchAction","target":{"@type":"EntryPoint","urlTemplate":"https:\/\/www.polinetlux.com\/?s={search_term_string}"},"query-input":{"@type":"PropertyValueSpecification","valueRequired":true,"valueName":"search_term_string"}}],"inLanguage":"en-US"},{"@type":"Organization","@id":"https:\/\/www.polinetlux.com\/#organization","name":"Polinet","url":"https:\/\/www.polinetlux.com\/","logo":{"@type":"ImageObject","inLanguage":"en-US","@id":"https:\/\/www.polinetlux.com\/#\/schema\/logo\/image\/","url":"https:\/\/www.polinetlux.com\/wp-content\/uploads\/2021\/02\/logopoli.jpg","contentUrl":"https:\/\/www.polinetlux.com\/wp-content\/uploads\/2021\/02\/logopoli.jpg","width":180,"height":52,"caption":"Polinet"},"image":{"@id":"https:\/\/www.polinetlux.com\/#\/schema\/logo\/image\/"},"sameAs":["https:\/\/www.facebook.com\/polinetltd","https:\/\/www.instagram.com\/polinetlux\/"]}]}},"_links":{"self":[{"href":"https:\/\/www.polinetlux.com\/en\/wp-json\/wp\/v2\/pages\/1691","targetHints":{"allow":["GET"]}}],"collection":[{"href":"https:\/\/www.polinetlux.com\/en\/wp-json\/wp\/v2\/pages"}],"about":[{"href":"https:\/\/www.polinetlux.com\/en\/wp-json\/wp\/v2\/types\/page"}],"author":[{"embeddable":true,"href":"https:\/\/www.polinetlux.com\/en\/wp-json\/wp\/v2\/users\/2"}],"replies":[{"embeddable":true,"href":"https:\/\/www.polinetlux.com\/en\/wp-json\/wp\/v2\/comments?post=1691"}],"version-history":[{"count":0,"href":"https:\/\/www.polinetlux.com\/en\/wp-json\/wp\/v2\/pages\/1691\/revisions"}],"wp:attachment":[{"href":"https:\/\/www.polinetlux.com\/en\/wp-json\/wp\/v2\/media?parent=1691"}],"curies":[{"name":"wp","href":"https:\/\/api.w.org\/{rel}","templated":true}]}}